{"id":5014,"date":"2018-12-20T23:09:13","date_gmt":"2018-12-20T23:09:13","guid":{"rendered":"https:\/\/upliftcentralcoast.org\/contacte-con-nosotros\/"},"modified":"2023-09-29T22:35:00","modified_gmt":"2023-09-29T22:35:00","slug":"contacte-con-nosotros","status":"publish","type":"page","link":"https:\/\/upliftcentralcoast.org\/es\/contacte-con-nosotros\/","title":{"rendered":"Contacto"},"content":{"rendered":"\t\t<div data-elementor-type=\"wp-page\" data-elementor-id=\"5014\" class=\"elementor elementor-5014 elementor-89\" data-elementor-post-type=\"page\">\n\t\t\t\t<div class=\"elementor-element elementor-element-68051ec first-section with-content e-flex e-con-boxed e-con e-parent\" data-id=\"68051ec\" data-element_type=\"container\" data-e-type=\"container\" data-settings=\"{&quot;background_background&quot;:&quot;classic&quot;}\">\n\t\t\t\t\t<div class=\"e-con-inner\">\n\t\t\t\t<div class=\"elementor-element elementor-element-36286add elementor-widget__width-inherit elementor-align-right elementor-mobile-align-left m-clear  search elementor-widget elementor-widget-button\" data-id=\"36286add\" data-element_type=\"widget\" data-e-type=\"widget\" data-widget_type=\"button.default\">\n\t\t\t\t\t\t\t\t\t\t<a class=\"elementor-button elementor-button-link elementor-size-sm\" href=\"https:\/\/reachcentralcoast.app.neoncrm.com\/forms\/uplift-newsletter-signup\" target=\"_blank\">\n\t\t\t\t\t\t<span class=\"elementor-button-content-wrapper\">\n\t\t\t\t\t\t<span class=\"elementor-button-icon\">\n\t\t\t\t<i aria-hidden=\"true\" class=\"icon icon-arrow-right\"><\/i>\t\t\t<\/span>\n\t\t\t\t\t\t\t\t\t<span class=\"elementor-button-text\">Suscr\u00edbase a nuestras actualizaciones por correo electr\u00f3nico<\/span>\n\t\t\t\t\t<\/span>\n\t\t\t\t\t<\/a>\n\t\t\t\t\t\t\t\t<\/div>\n\t\t\t\t\t<\/div>\n\t\t\t\t<\/div>\n\t\t<div class=\"elementor-element elementor-element-60f68802 e-flex e-con-boxed e-con e-parent\" data-id=\"60f68802\" data-element_type=\"container\" data-e-type=\"container\" data-settings=\"{&quot;background_background&quot;:&quot;classic&quot;}\">\n\t\t\t\t\t<div class=\"e-con-inner\">\n\t\t<div class=\"elementor-element elementor-element-6990f77b narrow e-flex e-con-boxed e-con e-child\" data-id=\"6990f77b\" data-element_type=\"container\" data-e-type=\"container\">\n\t\t\t\t\t<div class=\"e-con-inner\">\n\t\t\t\t<div class=\"elementor-element elementor-element-1e69c513 framed elementor-widget elementor-widget-image\" data-id=\"1e69c513\" data-element_type=\"widget\" data-e-type=\"widget\" data-widget_type=\"image.default\">\n\t\t\t\t\t\t\t\t\t\t\t\t\t\t\t<img fetchpriority=\"high\" decoding=\"async\" width=\"1000\" height=\"658\" src=\"https:\/\/upliftcentralcoast.org\/wp-content\/uploads\/2022\/12\/Uplift-Central-Coast-Opt3.jpg\" class=\"attachment-full size-full wp-image-4180\" alt=\"\" srcset=\"https:\/\/upliftcentralcoast.org\/wp-content\/uploads\/2022\/12\/Uplift-Central-Coast-Opt3.jpg 1000w, https:\/\/upliftcentralcoast.org\/wp-content\/uploads\/2022\/12\/Uplift-Central-Coast-Opt3-300x197.jpg 300w, https:\/\/upliftcentralcoast.org\/wp-content\/uploads\/2022\/12\/Uplift-Central-Coast-Opt3-768x505.jpg 768w\" sizes=\"(max-width: 1000px) 100vw, 1000px\" \/>\t\t\t\t\t\t\t\t\t\t\t\t\t\t\t<\/div>\n\t\t\t\t\t<\/div>\n\t\t\t\t<\/div>\n\t\t\t\t\t<\/div>\n\t\t\t\t<\/div>\n\t\t<div class=\"elementor-element elementor-element-386e511c e-flex e-con-boxed e-con e-parent\" data-id=\"386e511c\" data-element_type=\"container\" data-e-type=\"container\" id=\"our-mission\" data-settings=\"{&quot;background_background&quot;:&quot;classic&quot;}\">\n\t\t\t\t\t<div class=\"e-con-inner\">\n\t\t<div class=\"elementor-element elementor-element-42e691ee narrow e-flex e-con-boxed e-con e-child\" data-id=\"42e691ee\" data-element_type=\"container\" data-e-type=\"container\">\n\t\t\t\t\t<div class=\"e-con-inner\">\n\t\t\t\t<div class=\"elementor-element elementor-element-73b4710c m-clear have-large-a elementor-widget elementor-widget-text-editor\" data-id=\"73b4710c\" data-element_type=\"widget\" data-e-type=\"widget\" data-widget_type=\"text-editor.default\">\n\t\t\t\t\t\t\t\t\t<p>Queremos conocer su opini\u00f3n. Su participaci\u00f3n, ideas y colaboraci\u00f3n conforman el futuro de la Costa Central.<\/p>\n<p>P\u00f3ngase en contacto con el proyecto o con los organizadores de su zona.<\/p>\n<p>Consultas generales: <a href=\"mailto:info@upliftcentralcoast.org\">info@upliftcentralcoast.org<\/a><\/p>\n\t\t\t\t\t\t\t\t<\/div>\n\t\t\t\t<div class=\"elementor-element elementor-element-158a410 m-clear page-title elementor-widget elementor-widget-heading\" data-id=\"158a410\" data-element_type=\"widget\" data-e-type=\"widget\" data-widget_type=\"heading.default\">\n\t\t\t\t\t<h1 class=\"elementor-heading-title elementor-size-default\">Con\u00e9ctese con nosotros<\/h1>\t\t\t\t<\/div>\n\t\t\t\t<div class=\"elementor-element elementor-element-f7b3bd0 elementor-widget elementor-widget-text-editor\" data-id=\"f7b3bd0\" data-element_type=\"widget\" data-e-type=\"widget\" data-widget_type=\"text-editor.default\">\n\t\t\t\t\t\t\t\t\t<p>Regi\u00f3n Sur (Condados de San Luis Obispo, Santa B\u00e1rbara y Ventura) Coordinadores subregionales<\/p>\n\t\t\t\t\t\t\t\t<\/div>\n\t\t<div class=\"elementor-element elementor-element-2b2cf25 e-con-full e-flex e-con e-child\" data-id=\"2b2cf25\" data-element_type=\"container\" data-e-type=\"container\">\n\t\t\t\t<div class=\"elementor-element elementor-element-5da7464 m-clear elementor-widget__width-initial elementor-widget elementor-widget-text-editor\" data-id=\"5da7464\" data-element_type=\"widget\" data-e-type=\"widget\" data-widget_type=\"text-editor.default\">\n\t\t\t\t\t\t\t\t\t<p><strong>REACH<\/strong>, gestor de la participaci\u00f3n comunitaria:  <br \/>Se\u00f1ora Freire, <a href=\"mailto:lady@upliftcentralcoast.org\">lady@upliftcentralcoast.org<\/a><\/p>\n\t\t\t\t\t\t\t\t<\/div>\n\t\t\t\t<div class=\"elementor-element elementor-element-4efc469 elementor-widget__width-initial elementor-widget elementor-widget-button\" data-id=\"4efc469\" data-element_type=\"widget\" data-e-type=\"widget\" data-widget_type=\"button.default\">\n\t\t\t\t\t\t\t\t\t\t<a class=\"elementor-button elementor-button-link elementor-size-sm\" href=\"https:\/\/reachcentralcoast.org\" target=\"_blank\">\n\t\t\t\t\t\t<span class=\"elementor-button-content-wrapper\">\n\t\t\t\t\t\t\t\t\t<span class=\"elementor-button-text\">Visitar el sitio web<\/span>\n\t\t\t\t\t<\/span>\n\t\t\t\t\t<\/a>\n\t\t\t\t\t\t\t\t<\/div>\n\t\t\t\t<\/div>\n\t\t<div class=\"elementor-element elementor-element-58a9686 e-con-full e-flex e-con e-child\" data-id=\"58a9686\" data-element_type=\"container\" data-e-type=\"container\">\n\t\t\t\t<div class=\"elementor-element elementor-element-3f27cce m-clear elementor-widget__width-initial elementor-widget elementor-widget-text-editor\" data-id=\"3f27cce\" data-element_type=\"widget\" data-e-type=\"widget\" data-widget_type=\"text-editor.default\">\n\t\t\t\t\t\t\t\t\t<p><strong>EDC<\/strong>, Responsable de Participaci\u00f3n Comunitaria:<br \/>Alondra Gaytan, <a href=\"mailto:alondra@upliftcentralcoast.org\">alondra@upliftcentralcoast.org<\/a><\/p>\n\t\t\t\t\t\t\t\t<\/div>\n\t\t\t\t<div class=\"elementor-element elementor-element-a63e118 elementor-widget__width-initial elementor-widget elementor-widget-button\" data-id=\"a63e118\" data-element_type=\"widget\" data-e-type=\"widget\" data-widget_type=\"button.default\">\n\t\t\t\t\t\t\t\t\t\t<a class=\"elementor-button elementor-button-link elementor-size-sm\" href=\"https:\/\/edcollaborative.com\" target=\"_blank\">\n\t\t\t\t\t\t<span class=\"elementor-button-content-wrapper\">\n\t\t\t\t\t\t\t\t\t<span class=\"elementor-button-text\">Visitar el sitio web<\/span>\n\t\t\t\t\t<\/span>\n\t\t\t\t\t<\/a>\n\t\t\t\t\t\t\t\t<\/div>\n\t\t\t\t<\/div>\n\t\t\t\t<div class=\"elementor-element elementor-element-2312afaf elementor-widget elementor-widget-spacer\" data-id=\"2312afaf\" data-element_type=\"widget\" data-e-type=\"widget\" data-widget_type=\"spacer.default\">\n\t\t\t\t\t\t\t<div class=\"elementor-spacer\">\n\t\t\t<div class=\"elementor-spacer-inner\"><\/div>\n\t\t<\/div>\n\t\t\t\t\t\t<\/div>\n\t\t\t\t<div class=\"elementor-element elementor-element-b7d5dac elementor-widget elementor-widget-text-editor\" data-id=\"b7d5dac\" data-element_type=\"widget\" data-e-type=\"widget\" data-widget_type=\"text-editor.default\">\n\t\t\t\t\t\t\t\t\t<p>Regi\u00f3n Norte (Condados de Santa Cruz, Monterey y San Benito) Coordinador subregional<\/p>\n\t\t\t\t\t\t\t\t<\/div>\n\t\t<div class=\"elementor-element elementor-element-1380bb5 e-con-full e-flex e-con e-child\" data-id=\"1380bb5\" data-element_type=\"container\" data-e-type=\"container\">\n\t\t\t\t<div class=\"elementor-element elementor-element-ffe59c1 m-clear elementor-widget__width-initial elementor-widget elementor-widget-text-editor\" data-id=\"ffe59c1\" data-element_type=\"widget\" data-e-type=\"widget\" data-widget_type=\"text-editor.default\">\n\t\t\t\t\t\t\t\t\t<p><strong>MBEP<\/strong>, Responsable de Compromiso con la Comunidad:<br \/>Celeste Baird, <a href=\"mailto:celeste@upliftcentralcoast.org\">celeste@upliftcentralcoast.org<\/a><\/p>\n\t\t\t\t\t\t\t\t<\/div>\n\t\t\t\t<div class=\"elementor-element elementor-element-eb892e0 elementor-widget__width-initial elementor-widget elementor-widget-button\" data-id=\"eb892e0\" data-element_type=\"widget\" data-e-type=\"widget\" data-widget_type=\"button.default\">\n\t\t\t\t\t\t\t\t\t\t<a class=\"elementor-button elementor-button-link elementor-size-sm\" href=\"https:\/\/mbep.biz\" target=\"_blank\">\n\t\t\t\t\t\t<span class=\"elementor-button-content-wrapper\">\n\t\t\t\t\t\t\t\t\t<span class=\"elementor-button-text\">Visitar el sitio web<\/span>\n\t\t\t\t\t<\/span>\n\t\t\t\t\t<\/a>\n\t\t\t\t\t\t\t\t<\/div>\n\t\t\t\t<\/div>\n\t\t\t\t<div class=\"elementor-element elementor-element-b1d4e57 elementor-widget elementor-widget-spacer\" data-id=\"b1d4e57\" data-element_type=\"widget\" data-e-type=\"widget\" data-widget_type=\"spacer.default\">\n\t\t\t\t\t\t\t<div class=\"elementor-spacer\">\n\t\t\t<div class=\"elementor-spacer-inner\"><\/div>\n\t\t<\/div>\n\t\t\t\t\t\t<\/div>\n\t\t\t\t<div class=\"elementor-element elementor-element-24a5b7d elementor-widget elementor-widget-text-editor\" data-id=\"24a5b7d\" data-element_type=\"widget\" data-e-type=\"widget\" data-widget_type=\"text-editor.default\">\n\t\t\t\t\t\t\t\t\t<p>Consultas de los medios de comunicaci\u00f3n<\/p>\n\t\t\t\t\t\t\t\t<\/div>\n\t\t\t\t<div class=\"elementor-element elementor-element-6c16fd8 m-clear elementor-widget elementor-widget-text-editor\" data-id=\"6c16fd8\" data-element_type=\"widget\" data-e-type=\"widget\" data-widget_type=\"text-editor.default\">\n\t\t\t\t\t\t\t\t\t<p>Director del proyecto, Quinn Brady, <a href=\"mailto:quinn@upliftcentralcoast.org\">quinn@upliftcentralcoast.org<\/a><\/p>\n\t\t\t\t\t\t\t\t<\/div>\n\t\t\t\t\t<\/div>\n\t\t\t\t<\/div>\n\t\t\t\t\t<\/div>\n\t\t\t\t<\/div>\n\t\t\t\t<\/div>\n\t\t","protected":false},"excerpt":{"rendered":"<p>Suscr\u00edbase a nuestras actualizaciones por correo electr\u00f3nico Queremos conocer su opini\u00f3n. Su participaci\u00f3n, ideas y colaboraci\u00f3n conforman el futuro de la Costa Central. P\u00f3ngase en contacto con el proyecto o con los organizadores de su zona. Consultas generales: info@upliftcentralcoast.org Con\u00e9ctese con nosotros Regi\u00f3n Sur (Condados de San Luis Obispo, Santa B\u00e1rbara y Ventura) Coordinadores subregionales&#8230;  <a class=\"excerpt-read-more\" href=\"https:\/\/upliftcentralcoast.org\/es\/contacte-con-nosotros\/\" title=\"Read Contacto\">Leer m\u00e1s<\/a><\/p>\n","protected":false},"author":1102,"featured_media":4180,"parent":0,"menu_order":0,"comment_status":"closed","ping_status":"closed","template":"","meta":{"_acf_changed":false,"footnotes":""},"class_list":["post-5014","page","type-page","status-publish","has-post-thumbnail","hentry"],"acf":[],"yoast_head":"<!-- This site is optimized with the Yoast SEO plugin v26.9 - https:\/\/yoast.com\/product\/yoast-seo-wordpress\/ -->\n<title>Contacto - Uplift Central Coast<\/title>\n<meta name=\"robots\" content=\"index, follow, max-snippet:-1, max-image-preview:large, max-video-preview:-1\" \/>\n<link rel=\"canonical\" href=\"https:\/\/upliftcentralcoast.org\/es\/contacte-con-nosotros\/\" \/>\n<meta property=\"og:locale\" content=\"es_ES\" \/>\n<meta property=\"og:type\" content=\"article\" \/>\n<meta property=\"og:title\" content=\"Contacto - Uplift Central Coast\" \/>\n<meta property=\"og:description\" content=\"Suscr\u00edbase a nuestras actualizaciones por correo electr\u00f3nico Queremos conocer su opini\u00f3n. Su participaci\u00f3n, ideas y colaboraci\u00f3n conforman el futuro de la Costa Central. P\u00f3ngase en contacto con el proyecto o con los organizadores de su zona. Consultas generales: info@upliftcentralcoast.org Con\u00e9ctese con nosotros Regi\u00f3n Sur (Condados de San Luis Obispo, Santa B\u00e1rbara y Ventura) Coordinadores subregionales... Leer m\u00e1s\" \/>\n<meta property=\"og:url\" content=\"https:\/\/upliftcentralcoast.org\/es\/contacte-con-nosotros\/\" \/>\n<meta property=\"og:site_name\" content=\"Uplift Central Coast\" \/>\n<meta property=\"article:modified_time\" content=\"2023-09-29T22:35:00+00:00\" \/>\n<meta property=\"og:image\" content=\"https:\/\/upliftcentralcoast.org\/wp-content\/uploads\/2022\/12\/Uplift-Central-Coast-Opt3.jpg\" \/>\n<meta name=\"twitter:card\" content=\"summary_large_image\" \/>\n<meta name=\"twitter:label1\" content=\"Tiempo de lectura\" \/>\n\t<meta name=\"twitter:data1\" content=\"1 minuto\" \/>\n<script type=\"application\/ld+json\" class=\"yoast-schema-graph\">{\"@context\":\"https:\/\/schema.org\",\"@graph\":[{\"@type\":\"WebPage\",\"@id\":\"https:\/\/upliftcentralcoast.org\/es\/contacte-con-nosotros\/\",\"url\":\"https:\/\/upliftcentralcoast.org\/es\/contacte-con-nosotros\/\",\"name\":\"Contacto - Uplift Central Coast\",\"isPartOf\":{\"@id\":\"https:\/\/upliftcentralcoast.org\/es\/#website\"},\"primaryImageOfPage\":{\"@id\":\"https:\/\/upliftcentralcoast.org\/es\/contacte-con-nosotros\/#primaryimage\"},\"image\":{\"@id\":\"https:\/\/upliftcentralcoast.org\/es\/contacte-con-nosotros\/#primaryimage\"},\"thumbnailUrl\":\"https:\/\/upliftcentralcoast.org\/wp-content\/uploads\/2022\/12\/Uplift-Central-Coast-Opt3.jpg\",\"datePublished\":\"2018-12-20T23:09:13+00:00\",\"dateModified\":\"2023-09-29T22:35:00+00:00\",\"inLanguage\":\"es\",\"potentialAction\":[{\"@type\":\"ReadAction\",\"target\":[\"https:\/\/upliftcentralcoast.org\/es\/contacte-con-nosotros\/\"]}]},{\"@type\":\"ImageObject\",\"inLanguage\":\"es\",\"@id\":\"https:\/\/upliftcentralcoast.org\/es\/contacte-con-nosotros\/#primaryimage\",\"url\":\"https:\/\/upliftcentralcoast.org\/wp-content\/uploads\/2022\/12\/Uplift-Central-Coast-Opt3.jpg\",\"contentUrl\":\"https:\/\/upliftcentralcoast.org\/wp-content\/uploads\/2022\/12\/Uplift-Central-Coast-Opt3.jpg\",\"width\":1000,\"height\":658},{\"@type\":\"WebSite\",\"@id\":\"https:\/\/upliftcentralcoast.org\/es\/#website\",\"url\":\"https:\/\/upliftcentralcoast.org\/es\/\",\"name\":\"Uplift Central Coast\",\"description\":\"\",\"publisher\":{\"@id\":\"https:\/\/upliftcentralcoast.org\/es\/#organization\"},\"potentialAction\":[{\"@type\":\"SearchAction\",\"target\":{\"@type\":\"EntryPoint\",\"urlTemplate\":\"https:\/\/upliftcentralcoast.org\/es\/?s={search_term_string}\"},\"query-input\":{\"@type\":\"PropertyValueSpecification\",\"valueRequired\":true,\"valueName\":\"search_term_string\"}}],\"inLanguage\":\"es\"},{\"@type\":\"Organization\",\"@id\":\"https:\/\/upliftcentralcoast.org\/es\/#organization\",\"name\":\"Uplift Central Coast\",\"url\":\"https:\/\/upliftcentralcoast.org\/es\/\",\"logo\":{\"@type\":\"ImageObject\",\"inLanguage\":\"es\",\"@id\":\"https:\/\/upliftcentralcoast.org\/es\/#\/schema\/logo\/image\/\",\"url\":\"https:\/\/upliftcentralcoast.org\/wp-content\/uploads\/2020\/09\/Uplift.svg\",\"contentUrl\":\"https:\/\/upliftcentralcoast.org\/wp-content\/uploads\/2020\/09\/Uplift.svg\",\"caption\":\"Uplift Central Coast\"},\"image\":{\"@id\":\"https:\/\/upliftcentralcoast.org\/es\/#\/schema\/logo\/image\/\"}}]}<\/script>\n<!-- \/ Yoast SEO plugin. -->","yoast_head_json":{"title":"Contacto - Uplift Central Coast","robots":{"index":"index","follow":"follow","max-snippet":"max-snippet:-1","max-image-preview":"max-image-preview:large","max-video-preview":"max-video-preview:-1"},"canonical":"https:\/\/upliftcentralcoast.org\/es\/contacte-con-nosotros\/","og_locale":"es_ES","og_type":"article","og_title":"Contacto - Uplift Central Coast","og_description":"Suscr\u00edbase a nuestras actualizaciones por correo electr\u00f3nico Queremos conocer su opini\u00f3n. Su participaci\u00f3n, ideas y colaboraci\u00f3n conforman el futuro de la Costa Central. P\u00f3ngase en contacto con el proyecto o con los organizadores de su zona. Consultas generales: info@upliftcentralcoast.org Con\u00e9ctese con nosotros Regi\u00f3n Sur (Condados de San Luis Obispo, Santa B\u00e1rbara y Ventura) Coordinadores subregionales... Leer m\u00e1s","og_url":"https:\/\/upliftcentralcoast.org\/es\/contacte-con-nosotros\/","og_site_name":"Uplift Central Coast","article_modified_time":"2023-09-29T22:35:00+00:00","og_image":[{"url":"https:\/\/upliftcentralcoast.org\/wp-content\/uploads\/2022\/12\/Uplift-Central-Coast-Opt3.jpg","type":"","width":"","height":""}],"twitter_card":"summary_large_image","twitter_misc":{"Tiempo de lectura":"1 minuto"},"schema":{"@context":"https:\/\/schema.org","@graph":[{"@type":"WebPage","@id":"https:\/\/upliftcentralcoast.org\/es\/contacte-con-nosotros\/","url":"https:\/\/upliftcentralcoast.org\/es\/contacte-con-nosotros\/","name":"Contacto - Uplift Central Coast","isPartOf":{"@id":"https:\/\/upliftcentralcoast.org\/es\/#website"},"primaryImageOfPage":{"@id":"https:\/\/upliftcentralcoast.org\/es\/contacte-con-nosotros\/#primaryimage"},"image":{"@id":"https:\/\/upliftcentralcoast.org\/es\/contacte-con-nosotros\/#primaryimage"},"thumbnailUrl":"https:\/\/upliftcentralcoast.org\/wp-content\/uploads\/2022\/12\/Uplift-Central-Coast-Opt3.jpg","datePublished":"2018-12-20T23:09:13+00:00","dateModified":"2023-09-29T22:35:00+00:00","inLanguage":"es","potentialAction":[{"@type":"ReadAction","target":["https:\/\/upliftcentralcoast.org\/es\/contacte-con-nosotros\/"]}]},{"@type":"ImageObject","inLanguage":"es","@id":"https:\/\/upliftcentralcoast.org\/es\/contacte-con-nosotros\/#primaryimage","url":"https:\/\/upliftcentralcoast.org\/wp-content\/uploads\/2022\/12\/Uplift-Central-Coast-Opt3.jpg","contentUrl":"https:\/\/upliftcentralcoast.org\/wp-content\/uploads\/2022\/12\/Uplift-Central-Coast-Opt3.jpg","width":1000,"height":658},{"@type":"WebSite","@id":"https:\/\/upliftcentralcoast.org\/es\/#website","url":"https:\/\/upliftcentralcoast.org\/es\/","name":"Uplift Central Coast","description":"","publisher":{"@id":"https:\/\/upliftcentralcoast.org\/es\/#organization"},"potentialAction":[{"@type":"SearchAction","target":{"@type":"EntryPoint","urlTemplate":"https:\/\/upliftcentralcoast.org\/es\/?s={search_term_string}"},"query-input":{"@type":"PropertyValueSpecification","valueRequired":true,"valueName":"search_term_string"}}],"inLanguage":"es"},{"@type":"Organization","@id":"https:\/\/upliftcentralcoast.org\/es\/#organization","name":"Uplift Central Coast","url":"https:\/\/upliftcentralcoast.org\/es\/","logo":{"@type":"ImageObject","inLanguage":"es","@id":"https:\/\/upliftcentralcoast.org\/es\/#\/schema\/logo\/image\/","url":"https:\/\/upliftcentralcoast.org\/wp-content\/uploads\/2020\/09\/Uplift.svg","contentUrl":"https:\/\/upliftcentralcoast.org\/wp-content\/uploads\/2020\/09\/Uplift.svg","caption":"Uplift Central Coast"},"image":{"@id":"https:\/\/upliftcentralcoast.org\/es\/#\/schema\/logo\/image\/"}}]}},"_links":{"self":[{"href":"https:\/\/upliftcentralcoast.org\/es\/wp-json\/wp\/v2\/pages\/5014","targetHints":{"allow":["GET"]}}],"collection":[{"href":"https:\/\/upliftcentralcoast.org\/es\/wp-json\/wp\/v2\/pages"}],"about":[{"href":"https:\/\/upliftcentralcoast.org\/es\/wp-json\/wp\/v2\/types\/page"}],"author":[{"embeddable":true,"href":"https:\/\/upliftcentralcoast.org\/es\/wp-json\/wp\/v2\/users\/1102"}],"replies":[{"embeddable":true,"href":"https:\/\/upliftcentralcoast.org\/es\/wp-json\/wp\/v2\/comments?post=5014"}],"version-history":[{"count":3,"href":"https:\/\/upliftcentralcoast.org\/es\/wp-json\/wp\/v2\/pages\/5014\/revisions"}],"predecessor-version":[{"id":5026,"href":"https:\/\/upliftcentralcoast.org\/es\/wp-json\/wp\/v2\/pages\/5014\/revisions\/5026"}],"wp:featuredmedia":[{"embeddable":true,"href":"https:\/\/upliftcentralcoast.org\/es\/wp-json\/wp\/v2\/media\/4180"}],"wp:attachment":[{"href":"https:\/\/upliftcentralcoast.org\/es\/wp-json\/wp\/v2\/media?parent=5014"}],"curies":[{"name":"wp","href":"https:\/\/api.w.org\/{rel}","templated":true}]}}